{"id":75,"date":"2025-09-15T01:44:47","date_gmt":"2025-09-15T01:44:47","guid":{"rendered":"https:\/\/phukienmoto.com\/?post_type=product&#038;p=75"},"modified":"2025-09-15T06:35:19","modified_gmt":"2025-09-15T06:35:19","slug":"tui-treo-hong-xe-may-chong-nuoc-motowolf-mdl-0715","status":"publish","type":"product","link":"https:\/\/www.phukienmoto.com\/?product=tui-treo-hong-xe-may-chong-nuoc-motowolf-mdl-0715","title":{"rendered":"T\u00fai Treo H\u00f4ng Xe M\u00e1y Ch\u1ed1ng N\u01b0\u1edbc Motowolf MDL 0715"},"content":{"rendered":"<h2 class=\"pdp-mod-section-title outer-title\" data-spm-anchor-id=\"a2o4n.pdp_revamp.0.i1.2f53e7ddtHp3e2\">M\u00f4 t\u1ea3 s\u1ea3n ph\u1ea9m T\u00fai Treo H\u00f4ng Xe M\u00e1y Ch\u1ed1ng N\u01b0\u1edbc Motowolf MDL 0715<\/h2>\n<div class=\"pdp-product-detail\" data-spm=\"product_detail\">\n<div class=\"pdp-product-desc \">\n<div class=\"html-content detail-content\">\n<article class=\"lzd-article\">\u0110\u01b0\u1ee3c thi\u1ebft k\u1ebf b\u1eb1ng ch\u1ea5t li\u1ec7u TPU ch\u1ed1ng n\u01b0\u1edbc tuy\u1ec7t \u0111\u1ed1i, v\u00e0 c\u00f3 kh\u1ea3 n\u0103ng ch\u1ed1ng m\u00e0i m\u00f2n 500DC\u00f3 dung t\u00edch t\u1eeb 5L v\u00e0 m\u1edf r\u1ed9ng l\u00ean t\u1edbi 8L.<\/p>\n<p>Th\u00edch h\u1ee3p cho nhi\u1ec1u lo\u1ea1i xe, d\u1ec5 d\u00e0ng l\u1eafp \u0111\u1eb7t v\u00e0 th\u00e1o g\u1ee1<\/p>\n<p>V\u1edbi 2 m\u00e0u s\u1eafc \u0110en v\u00e0 V\u00e0ng.<\/p>\n<p>S\u1eed d\u1ee5ng kh\u00f3a kim lo\u1ea1i ch\u1eafc ch\u1eafn v\u00e0 c\u00e1c d\u00e2y \u0111ai..<\/p>\n<\/article>\n<\/div>\n<\/div>\n<\/div>\n","protected":false},"excerpt":{"rendered":"<p><strong><em>&#8211; T\u01b0\u00a0<\/em><\/strong><strong><em>v\u1ea5n Online, Ship h\u00e0ng li\u00ean h\u1ec7 0975834693 Zalo\/ Messenger<\/em><\/strong><\/p>\n<p><strong><em>&#8211; Th\u1eddi gian l\u00e0m vi\u1ec7c :\u00a0<\/em><\/strong><strong><em>T\u1eeb 8h s\u00e1ng \u0111\u1ebfn 8h t\u1ed1i c\u00e1c ng\u00e0y trong tu\u1ea7n .Ri\u00eang ch\u1ee7 nh\u1eadt l\u00e0m t\u1eeb 9h s\u00e1ng \u0111\u1ebfn 6h chi\u1ec1u<\/em><\/strong><strong><em>. ( qua sau gi\u1edd \u0111\u00f3 vui l\u00f2ng li\u00ean h\u1ec7 s\u1ed1 Hotline \u0111\u1ec3 \u0111\u01b0\u1ee3c ph\u1ee5c v\u1ee5)<\/em><\/strong><\/p>\n<p><strong><em>&#8211; \u0110\u1ecba<\/em><\/strong><strong><em>\u00a0Ch\u1ec9: S\u1ed1 nh\u00e0 91c Ng\u00f5 176 Tr\u01b0\u01a1ng \u0110\u1ecbnh, Ph\u01b0\u1eddng Tr\u01b0\u01a1ng \u0110\u1ecbnh, Hai B\u00e0 Tr\u01b0ng, H\u00e0 N\u1ed9i<\/em><\/strong><\/p>\n","protected":false},"featured_media":76,"comment_status":"open","ping_status":"closed","template":"","meta":{"site-sidebar-layout":"default","site-content-layout":"","ast-site-content-layout":"default","site-content-style":"default","site-sidebar-style":"default","ast-global-header-display":"","ast-banner-title-visibility":"","ast-main-header-display":"","ast-hfb-above-header-display":"","ast-hfb-below-header-display":"","ast-hfb-mobile-header-display":"","site-post-title":"","ast-breadcrumbs-content":"","ast-featured-img":"","footer-sml-layout":"","theme-transparent-header-meta":"default","adv-header-id-meta":"","stick-header-meta":"","header-above-stick-meta":"","header-main-stick-meta":"","header-below-stick-meta":"","astra-migrate-meta-layouts":"set","ast-page-background-enabled":"default","ast-page-background-meta":{"desktop":{"background-color":"var(--ast-global-color-5)","background-image":"","background-repeat":"repeat","background-position":"center center","background-size":"auto","background-attachment":"scroll","background-type":"","background-media":"","overlay-type":"","overlay-color":"","overlay-opacity":"","overlay-gradient":""},"tablet":{"background-color":"","background-image":"","background-repeat":"repeat","background-position":"center center","background-size":"auto","background-attachment":"scroll","background-type":"","background-media":"","overlay-type":"","overlay-color":"","overlay-opacity":"","overlay-gradient":""},"mobile":{"background-color":"","background-image":"","background-repeat":"repeat","background-position":"center center","background-size":"auto","background-attachment":"scroll","background-type":"","background-media":"","overlay-type":"","overlay-color":"","overlay-opacity":"","overlay-gradient":""}},"ast-content-background-meta":{"desktop":{"background-color":"var(--ast-global-color-4)","background-image":"","background-repeat":"repeat","background-position":"center center","background-size":"auto","background-attachment":"scroll","background-type":"","background-media":"","overlay-type":"","overlay-color":"","overlay-opacity":"","overlay-gradient":""},"tablet":{"background-color":"var(--ast-global-color-4)","background-image":"","background-repeat":"repeat","background-position":"center center","background-size":"auto","background-attachment":"scroll","background-type":"","background-media":"","overlay-type":"","overlay-color":"","overlay-opacity":"","overlay-gradient":""},"mobile":{"background-color":"var(--ast-global-color-4)","background-image":"","background-repeat":"repeat","background-position":"center center","background-size":"auto","background-attachment":"scroll","background-type":"","background-media":"","overlay-type":"","overlay-color":"","overlay-opacity":"","overlay-gradient":""}}},"product_brand":[22],"product_cat":[16],"product_tag":[],"class_list":{"0":"post-75","1":"product","2":"type-product","3":"status-publish","4":"has-post-thumbnail","6":"product_brand-motowolf","7":"product_cat-motowolf","8":"desktop-align-left","9":"tablet-align-left","10":"mobile-align-left","12":"first","13":"instock","14":"sale","15":"taxable","16":"shipping-taxable","17":"purchasable","18":"product-type-simple"},"yoast_head":"<!-- This site is optimized with the Yoast SEO plugin v25.7 - https:\/\/yoast.com\/wordpress\/plugins\/seo\/ -->\n<title>T\u00fai Treo H\u00f4ng Xe M\u00e1y Ch\u1ed1ng N\u01b0\u1edbc Motowolf MDL 0715 - Nh\u00e0 ph\u00e2n ph\u1ed1i Motowolf ch\u00ednh h\u00e3ng t\u1ea1i Vi\u1ec7t Nam. S\u1ec9 l\u1ebb li\u00ean h\u1ec7 0975834693(Ms Ng\u1ecdc)<\/title>\n<meta name=\"robots\" content=\"index, follow, max-snippet:-1, max-image-preview:large, max-video-preview:-1\" \/>\n<link rel=\"canonical\" href=\"https:\/\/phukienmoto.com\/?product=tui-treo-hong-xe-may-chong-nuoc-motowolf-mdl-0715\" \/>\n<meta property=\"og:locale\" content=\"vi_VN\" \/>\n<meta property=\"og:type\" content=\"article\" \/>\n<meta property=\"og:title\" content=\"T\u00fai Treo H\u00f4ng Xe M\u00e1y Ch\u1ed1ng N\u01b0\u1edbc Motowolf MDL 0715 - Nh\u00e0 ph\u00e2n ph\u1ed1i Motowolf ch\u00ednh h\u00e3ng t\u1ea1i Vi\u1ec7t Nam. S\u1ec9 l\u1ebb li\u00ean h\u1ec7 0975834693(Ms Ng\u1ecdc)\" \/>\n<meta property=\"og:description\" content=\"- T\u01b0\u00a0v\u1ea5n Online, Ship h\u00e0ng li\u00ean h\u1ec7 0975834693 Zalo\/ Messenger  - Th\u1eddi gian l\u00e0m vi\u1ec7c :\u00a0T\u1eeb 8h s\u00e1ng \u0111\u1ebfn 8h t\u1ed1i c\u00e1c ng\u00e0y trong tu\u1ea7n .Ri\u00eang ch\u1ee7 nh\u1eadt l\u00e0m t\u1eeb 9h s\u00e1ng \u0111\u1ebfn 6h chi\u1ec1u. ( qua sau gi\u1edd \u0111\u00f3 vui l\u00f2ng li\u00ean h\u1ec7 s\u1ed1 Hotline \u0111\u1ec3 \u0111\u01b0\u1ee3c ph\u1ee5c v\u1ee5)  - \u0110\u1ecba\u00a0Ch\u1ec9: S\u1ed1 nh\u00e0 91c Ng\u00f5 176 Tr\u01b0\u01a1ng \u0110\u1ecbnh, Ph\u01b0\u1eddng Tr\u01b0\u01a1ng \u0110\u1ecbnh, Hai B\u00e0 Tr\u01b0ng, H\u00e0 N\u1ed9i\" \/>\n<meta property=\"og:url\" content=\"https:\/\/phukienmoto.com\/?product=tui-treo-hong-xe-may-chong-nuoc-motowolf-mdl-0715\" \/>\n<meta property=\"og:site_name\" content=\"Nh\u00e0 ph\u00e2n ph\u1ed1i Motowolf ch\u00ednh h\u00e3ng t\u1ea1i Vi\u1ec7t Nam. S\u1ec9 l\u1ebb li\u00ean h\u1ec7 0975834693(Ms Ng\u1ecdc)\" \/>\n<meta property=\"article:modified_time\" content=\"2025-09-15T06:35:19+00:00\" \/>\n<meta property=\"og:image\" content=\"https:\/\/phukienmoto.com\/wp-content\/uploads\/2025\/09\/O1CN01boSgM62NMhNBVfg2g_2425339949-0-cib.jpg\" \/>\n\t<meta property=\"og:image:width\" content=\"800\" \/>\n\t<meta property=\"og:image:height\" content=\"800\" \/>\n\t<meta property=\"og:image:type\" content=\"image\/jpeg\" \/>\n<meta name=\"twitter:card\" content=\"summary_large_image\" \/>\n<meta name=\"twitter:label1\" content=\"\u01af\u1edbc t\u00ednh th\u1eddi gian \u0111\u1ecdc\" \/>\n\t<meta name=\"twitter:data1\" content=\"1 ph\u00fat\" \/>\n<script type=\"application\/ld+json\" class=\"yoast-schema-graph\">{\"@context\":\"https:\/\/schema.org\",\"@graph\":[{\"@type\":\"WebPage\",\"@id\":\"https:\/\/phukienmoto.com\/?product=tui-treo-hong-xe-may-chong-nuoc-motowolf-mdl-0715\",\"url\":\"https:\/\/phukienmoto.com\/?product=tui-treo-hong-xe-may-chong-nuoc-motowolf-mdl-0715\",\"name\":\"T\u00fai Treo H\u00f4ng Xe M\u00e1y Ch\u1ed1ng N\u01b0\u1edbc Motowolf MDL 0715 - Nh\u00e0 ph\u00e2n ph\u1ed1i Motowolf ch\u00ednh h\u00e3ng t\u1ea1i Vi\u1ec7t Nam. S\u1ec9 l\u1ebb li\u00ean h\u1ec7 0975834693(Ms Ng\u1ecdc)\",\"isPartOf\":{\"@id\":\"https:\/\/motowolfvietnam.vn\/#website\"},\"primaryImageOfPage\":{\"@id\":\"https:\/\/phukienmoto.com\/?product=tui-treo-hong-xe-may-chong-nuoc-motowolf-mdl-0715#primaryimage\"},\"image\":{\"@id\":\"https:\/\/phukienmoto.com\/?product=tui-treo-hong-xe-may-chong-nuoc-motowolf-mdl-0715#primaryimage\"},\"thumbnailUrl\":\"https:\/\/www.phukienmoto.com\/wp-content\/uploads\/2025\/09\/O1CN01boSgM62NMhNBVfg2g_2425339949-0-cib.jpg\",\"datePublished\":\"2025-09-15T01:44:47+00:00\",\"dateModified\":\"2025-09-15T06:35:19+00:00\",\"breadcrumb\":{\"@id\":\"https:\/\/phukienmoto.com\/?product=tui-treo-hong-xe-may-chong-nuoc-motowolf-mdl-0715#breadcrumb\"},\"inLanguage\":\"vi\",\"potentialAction\":[{\"@type\":\"ReadAction\",\"target\":[\"https:\/\/phukienmoto.com\/?product=tui-treo-hong-xe-may-chong-nuoc-motowolf-mdl-0715\"]}]},{\"@type\":\"ImageObject\",\"inLanguage\":\"vi\",\"@id\":\"https:\/\/phukienmoto.com\/?product=tui-treo-hong-xe-may-chong-nuoc-motowolf-mdl-0715#primaryimage\",\"url\":\"https:\/\/www.phukienmoto.com\/wp-content\/uploads\/2025\/09\/O1CN01boSgM62NMhNBVfg2g_2425339949-0-cib.jpg\",\"contentUrl\":\"https:\/\/www.phukienmoto.com\/wp-content\/uploads\/2025\/09\/O1CN01boSgM62NMhNBVfg2g_2425339949-0-cib.jpg\",\"width\":800,\"height\":800},{\"@type\":\"BreadcrumbList\",\"@id\":\"https:\/\/phukienmoto.com\/?product=tui-treo-hong-xe-may-chong-nuoc-motowolf-mdl-0715#breadcrumb\",\"itemListElement\":[{\"@type\":\"ListItem\",\"position\":1,\"name\":\"Trang ch\u1ee7\",\"item\":\"https:\/\/motowolfvietnam.vn\/\"},{\"@type\":\"ListItem\",\"position\":2,\"name\":\"C\u1eeda h\u00e0ng\",\"item\":\"https:\/\/motowolfvietnam.vn\/\"},{\"@type\":\"ListItem\",\"position\":3,\"name\":\"T\u00fai Treo H\u00f4ng Xe M\u00e1y Ch\u1ed1ng N\u01b0\u1edbc Motowolf MDL 0715\"}]},{\"@type\":\"WebSite\",\"@id\":\"https:\/\/motowolfvietnam.vn\/#website\",\"url\":\"https:\/\/motowolfvietnam.vn\/\",\"name\":\"Nh\u00e0 ph\u00e2n ph\u1ed1i Motowolf ch\u00ednh h\u00e3ng t\u1ea1i Vi\u1ec7t Nam. S\u1ec9 l\u1ebb li\u00ean h\u1ec7 0975834693(Ms Ng\u1ecdc)\",\"description\":\"\",\"potentialAction\":[{\"@type\":\"SearchAction\",\"target\":{\"@type\":\"EntryPoint\",\"urlTemplate\":\"https:\/\/motowolfvietnam.vn\/?s={search_term_string}\"},\"query-input\":{\"@type\":\"PropertyValueSpecification\",\"valueRequired\":true,\"valueName\":\"search_term_string\"}}],\"inLanguage\":\"vi\"}]}<\/script>\n<!-- \/ Yoast SEO plugin. -->","yoast_head_json":{"title":"T\u00fai Treo H\u00f4ng Xe M\u00e1y Ch\u1ed1ng N\u01b0\u1edbc Motowolf MDL 0715 - Nh\u00e0 ph\u00e2n ph\u1ed1i Motowolf ch\u00ednh h\u00e3ng t\u1ea1i Vi\u1ec7t Nam. S\u1ec9 l\u1ebb li\u00ean h\u1ec7 0975834693(Ms Ng\u1ecdc)","robots":{"index":"index","follow":"follow","max-snippet":"max-snippet:-1","max-image-preview":"max-image-preview:large","max-video-preview":"max-video-preview:-1"},"canonical":"https:\/\/phukienmoto.com\/?product=tui-treo-hong-xe-may-chong-nuoc-motowolf-mdl-0715","og_locale":"vi_VN","og_type":"article","og_title":"T\u00fai Treo H\u00f4ng Xe M\u00e1y Ch\u1ed1ng N\u01b0\u1edbc Motowolf MDL 0715 - Nh\u00e0 ph\u00e2n ph\u1ed1i Motowolf ch\u00ednh h\u00e3ng t\u1ea1i Vi\u1ec7t Nam. S\u1ec9 l\u1ebb li\u00ean h\u1ec7 0975834693(Ms Ng\u1ecdc)","og_description":"- T\u01b0\u00a0v\u1ea5n Online, Ship h\u00e0ng li\u00ean h\u1ec7 0975834693 Zalo\/ Messenger  - Th\u1eddi gian l\u00e0m vi\u1ec7c :\u00a0T\u1eeb 8h s\u00e1ng \u0111\u1ebfn 8h t\u1ed1i c\u00e1c ng\u00e0y trong tu\u1ea7n .Ri\u00eang ch\u1ee7 nh\u1eadt l\u00e0m t\u1eeb 9h s\u00e1ng \u0111\u1ebfn 6h chi\u1ec1u. ( qua sau gi\u1edd \u0111\u00f3 vui l\u00f2ng li\u00ean h\u1ec7 s\u1ed1 Hotline \u0111\u1ec3 \u0111\u01b0\u1ee3c ph\u1ee5c v\u1ee5)  - \u0110\u1ecba\u00a0Ch\u1ec9: S\u1ed1 nh\u00e0 91c Ng\u00f5 176 Tr\u01b0\u01a1ng \u0110\u1ecbnh, Ph\u01b0\u1eddng Tr\u01b0\u01a1ng \u0110\u1ecbnh, Hai B\u00e0 Tr\u01b0ng, H\u00e0 N\u1ed9i","og_url":"https:\/\/phukienmoto.com\/?product=tui-treo-hong-xe-may-chong-nuoc-motowolf-mdl-0715","og_site_name":"Nh\u00e0 ph\u00e2n ph\u1ed1i Motowolf ch\u00ednh h\u00e3ng t\u1ea1i Vi\u1ec7t Nam. S\u1ec9 l\u1ebb li\u00ean h\u1ec7 0975834693(Ms Ng\u1ecdc)","article_modified_time":"2025-09-15T06:35:19+00:00","og_image":[{"width":800,"height":800,"url":"https:\/\/phukienmoto.com\/wp-content\/uploads\/2025\/09\/O1CN01boSgM62NMhNBVfg2g_2425339949-0-cib.jpg","type":"image\/jpeg"}],"twitter_card":"summary_large_image","twitter_misc":{"\u01af\u1edbc t\u00ednh th\u1eddi gian \u0111\u1ecdc":"1 ph\u00fat"},"schema":{"@context":"https:\/\/schema.org","@graph":[{"@type":"WebPage","@id":"https:\/\/phukienmoto.com\/?product=tui-treo-hong-xe-may-chong-nuoc-motowolf-mdl-0715","url":"https:\/\/phukienmoto.com\/?product=tui-treo-hong-xe-may-chong-nuoc-motowolf-mdl-0715","name":"T\u00fai Treo H\u00f4ng Xe M\u00e1y Ch\u1ed1ng N\u01b0\u1edbc Motowolf MDL 0715 - Nh\u00e0 ph\u00e2n ph\u1ed1i Motowolf ch\u00ednh h\u00e3ng t\u1ea1i Vi\u1ec7t Nam. S\u1ec9 l\u1ebb li\u00ean h\u1ec7 0975834693(Ms Ng\u1ecdc)","isPartOf":{"@id":"https:\/\/motowolfvietnam.vn\/#website"},"primaryImageOfPage":{"@id":"https:\/\/phukienmoto.com\/?product=tui-treo-hong-xe-may-chong-nuoc-motowolf-mdl-0715#primaryimage"},"image":{"@id":"https:\/\/phukienmoto.com\/?product=tui-treo-hong-xe-may-chong-nuoc-motowolf-mdl-0715#primaryimage"},"thumbnailUrl":"https:\/\/www.phukienmoto.com\/wp-content\/uploads\/2025\/09\/O1CN01boSgM62NMhNBVfg2g_2425339949-0-cib.jpg","datePublished":"2025-09-15T01:44:47+00:00","dateModified":"2025-09-15T06:35:19+00:00","breadcrumb":{"@id":"https:\/\/phukienmoto.com\/?product=tui-treo-hong-xe-may-chong-nuoc-motowolf-mdl-0715#breadcrumb"},"inLanguage":"vi","potentialAction":[{"@type":"ReadAction","target":["https:\/\/phukienmoto.com\/?product=tui-treo-hong-xe-may-chong-nuoc-motowolf-mdl-0715"]}]},{"@type":"ImageObject","inLanguage":"vi","@id":"https:\/\/phukienmoto.com\/?product=tui-treo-hong-xe-may-chong-nuoc-motowolf-mdl-0715#primaryimage","url":"https:\/\/www.phukienmoto.com\/wp-content\/uploads\/2025\/09\/O1CN01boSgM62NMhNBVfg2g_2425339949-0-cib.jpg","contentUrl":"https:\/\/www.phukienmoto.com\/wp-content\/uploads\/2025\/09\/O1CN01boSgM62NMhNBVfg2g_2425339949-0-cib.jpg","width":800,"height":800},{"@type":"BreadcrumbList","@id":"https:\/\/phukienmoto.com\/?product=tui-treo-hong-xe-may-chong-nuoc-motowolf-mdl-0715#breadcrumb","itemListElement":[{"@type":"ListItem","position":1,"name":"Trang ch\u1ee7","item":"https:\/\/motowolfvietnam.vn\/"},{"@type":"ListItem","position":2,"name":"C\u1eeda h\u00e0ng","item":"https:\/\/motowolfvietnam.vn\/"},{"@type":"ListItem","position":3,"name":"T\u00fai Treo H\u00f4ng Xe M\u00e1y Ch\u1ed1ng N\u01b0\u1edbc Motowolf MDL 0715"}]},{"@type":"WebSite","@id":"https:\/\/motowolfvietnam.vn\/#website","url":"https:\/\/motowolfvietnam.vn\/","name":"Nh\u00e0 ph\u00e2n ph\u1ed1i Motowolf ch\u00ednh h\u00e3ng t\u1ea1i Vi\u1ec7t Nam. S\u1ec9 l\u1ebb li\u00ean h\u1ec7 0975834693(Ms Ng\u1ecdc)","description":"","potentialAction":[{"@type":"SearchAction","target":{"@type":"EntryPoint","urlTemplate":"https:\/\/motowolfvietnam.vn\/?s={search_term_string}"},"query-input":{"@type":"PropertyValueSpecification","valueRequired":true,"valueName":"search_term_string"}}],"inLanguage":"vi"}]}},"_links":{"self":[{"href":"https:\/\/www.phukienmoto.com\/index.php?rest_route=\/wp\/v2\/product\/75","targetHints":{"allow":["GET"]}}],"collection":[{"href":"https:\/\/www.phukienmoto.com\/index.php?rest_route=\/wp\/v2\/product"}],"about":[{"href":"https:\/\/www.phukienmoto.com\/index.php?rest_route=\/wp\/v2\/types\/product"}],"replies":[{"embeddable":true,"href":"https:\/\/www.phukienmoto.com\/index.php?rest_route=%2Fwp%2Fv2%2Fcomments&post=75"}],"wp:featuredmedia":[{"embeddable":true,"href":"https:\/\/www.phukienmoto.com\/index.php?rest_route=\/wp\/v2\/media\/76"}],"wp:attachment":[{"href":"https:\/\/www.phukienmoto.com\/index.php?rest_route=%2Fwp%2Fv2%2Fmedia&parent=75"}],"wp:term":[{"taxonomy":"product_brand","embeddable":true,"href":"https:\/\/www.phukienmoto.com\/index.php?rest_route=%2Fwp%2Fv2%2Fproduct_brand&post=75"},{"taxonomy":"product_cat","embeddable":true,"href":"https:\/\/www.phukienmoto.com\/index.php?rest_route=%2Fwp%2Fv2%2Fproduct_cat&post=75"},{"taxonomy":"product_tag","embeddable":true,"href":"https:\/\/www.phukienmoto.com\/index.php?rest_route=%2Fwp%2Fv2%2Fproduct_tag&post=75"}],"curies":[{"name":"wp","href":"https:\/\/api.w.org\/{rel}","templated":true}]}}